{"id":820,"date":"2024-06-12T07:20:05","date_gmt":"2024-06-12T05:20:05","guid":{"rendered":"https:\/\/mhsc.hu\/?page_id=820"},"modified":"2024-06-12T07:45:58","modified_gmt":"2024-06-12T05:45:58","slug":"jelentkezes-vitorlas-es-kisgephajo-motorcsonak-vezetoi-tanfolyamok","status":"publish","type":"page","link":"https:\/\/mhsc.hu\/?page_id=820","title":{"rendered":"Jelentkez\u00e9s &#8211; Vitorl\u00e1s \u00e9s kisg\u00e9phaj\u00f3 ( motorcs\u00f3nak ) vezet\u0151i tanfolyamok"},"content":{"rendered":"<div class=\"wpb-content-wrapper\"><p>[vc_row][vc_column][vc_column_text css=&#8221;&#8221;]<\/p>\n<h3>Az al\u00e1bbi adatok megad\u00e1s\u00e1val jeletnkezhet a tanfolyamainkra.<\/h3>\n<p><strong>A tengeri kishaj\u00f3vezet\u0151i k\u00e9pz\u00e9s, csak akkor vehet\u0151 ig\u00e9nybe, amennyiben m\u00e1r van vitorl\u00e1skishaj\u00f3, vagy kisg\u00e9phaj\u00f3 vezet\u0151i jogos\u00edtv\u00e1nya!<\/strong><\/p>\n<p>A tanfolyam d\u00edj tartalmazza, \u00a0az elm\u00e9leti online felk\u00e9sz\u00edt\u00e9s d\u00edj\u00e1t, \u00e9s a gyakorlati oktat\u00e1st. \u00a0A gyakorlati k\u00e9pz\u00e9shez, az MHSC minden eszk\u00f6zt, oktat\u00f3t, v\u00edzter\u00fcletet, kik\u00f6t\u0151t biztos\u00edt.<\/p>\n<p><strong>Magyar Haj\u00f3z\u00e1si Sport Egyes\u00fclet banksz\u00e1mlasz\u00e1m: 11743040-20050344<\/strong><\/p>\n<p>&nbsp;<\/p>\n<p style=\"color: red;\">A vizsgad\u00edjakat a KAV banksz\u00e1ml\u00e1j\u00e1ra kell utalni.<\/p>\n<p>&nbsp;<\/p>\n<p>&nbsp;<\/p>\n<p style=\"color: red;\">Soha sem utalja az MHSC sz\u00e1ml\u00e1j\u00e1ra.<\/p>\n<p>&nbsp;<\/p>\n<p><strong>A hat\u00f3s\u00e1gi d\u00edjak a honlapunkon olvashat\u00f3.<\/strong><\/p>\n<p>&nbsp;<\/p>\n<p>&nbsp;[\/vc_column_text][\/vc_column][\/vc_row][vc_row][vc_column]\n<div class=\"wpcf7 no-js\" id=\"wpcf7-f823-o1\" lang=\"hu-HU\" dir=\"ltr\" data-wpcf7-id=\"823\">\n<div class=\"screen-reader-response\"><p role=\"status\" aria-live=\"polite\" aria-atomic=\"true\"><\/p> <ul><\/ul><\/div>\n<form action=\"\/index.php?rest_route=%2Fwp%2Fv2%2Fpages%2F820#wpcf7-f823-o1\" method=\"post\" class=\"wpcf7-form init\" aria-label=\"Kapcsolatfelv\u00e9teli \u0171rlap\" novalidate=\"novalidate\" data-status=\"init\">\n<div style=\"display: none;\">\n<input type=\"hidden\" name=\"_wpcf7\" value=\"823\" \/>\n<input type=\"hidden\" name=\"_wpcf7_version\" value=\"6.0.4\" \/>\n<input type=\"hidden\" name=\"_wpcf7_locale\" value=\"hu_HU\" \/>\n<input type=\"hidden\" name=\"_wpcf7_unit_tag\" value=\"wpcf7-f823-o1\" \/>\n<input type=\"hidden\" name=\"_wpcf7_container_post\" value=\"0\" \/>\n<input type=\"hidden\" name=\"_wpcf7_posted_data_hash\" value=\"\" \/>\n<input type=\"hidden\" name=\"_wpcf7_recaptcha_response\" value=\"\" \/>\n<\/div>\n<p><label> <b>N\u00e9v : (a szem\u00e9lyazonoss\u00e1gi igazolv\u00e1nyban szerepl\u0151 teljes n\u00e9v )<\/b><br \/>\n<span class=\"wpcf7-form-control-wrap\" data-name=\"your-name\"><input size=\"40\" maxlength=\"400\" class=\"wpcf7-form-control wpcf7-text wpcf7-validates-as-required\" autocomplete=\"name\" aria-required=\"true\" aria-invalid=\"false\" value=\"\" type=\"text\" name=\"your-name\" \/><\/span> <\/label>\n<\/p>\n<p><label> <b>E-mail c\u00edm :<\/b><br \/>\n<span class=\"wpcf7-form-control-wrap\" data-name=\"your-email\"><input size=\"40\" maxlength=\"400\" class=\"wpcf7-form-control wpcf7-email wpcf7-validates-as-required wpcf7-text wpcf7-validates-as-email\" autocomplete=\"email\" aria-required=\"true\" aria-invalid=\"false\" value=\"\" type=\"email\" name=\"your-email\" \/><\/span> <\/label>\n<\/p>\n<p><label> <b>Anyja neve :<\/b><br \/>\n<span class=\"wpcf7-form-control-wrap\" data-name=\"anyja-name\"><input size=\"40\" maxlength=\"400\" class=\"wpcf7-form-control wpcf7-text wpcf7-validates-as-required\" autocomplete=\"name\" aria-required=\"true\" aria-invalid=\"false\" value=\"\" type=\"text\" name=\"anyja-name\" \/><\/span> <\/label>\n<\/p>\n<p><label> <b>Lakc\u00edm :<\/b><br \/>\n<span class=\"wpcf7-form-control-wrap\" data-name=\"lakcim\"><input size=\"40\" maxlength=\"400\" class=\"wpcf7-form-control wpcf7-text wpcf7-validates-as-required\" autocomplete=\"name\" aria-required=\"true\" aria-invalid=\"false\" value=\"\" type=\"text\" name=\"lakcim\" \/><\/span> <\/label>\n<\/p>\n<p><label> <b>Szem\u00e9lyi igazolv\u00e1ny sz\u00e1m :<\/b><br \/>\n<span class=\"wpcf7-form-control-wrap\" data-name=\"szigszam\"><input size=\"40\" maxlength=\"400\" class=\"wpcf7-form-control wpcf7-text wpcf7-validates-as-required\" autocomplete=\"name\" aria-required=\"true\" aria-invalid=\"false\" value=\"\" type=\"text\" name=\"szigszam\" \/><\/span> <\/label>\n<\/p>\n<p><label> <b>Sz\u00fclet\u00e9si hely :<\/b><br \/>\n<span class=\"wpcf7-form-control-wrap\" data-name=\"szulhely\"><input size=\"40\" maxlength=\"400\" class=\"wpcf7-form-control wpcf7-text wpcf7-validates-as-required\" autocomplete=\"name\" aria-required=\"true\" aria-invalid=\"false\" value=\"\" type=\"text\" name=\"szulhely\" \/><\/span> <\/label>\n<\/p>\n<p><label> <b>Sz\u00fclet\u00e9si id\u0151 :<\/b><br \/>\n<span class=\"wpcf7-form-control-wrap\" data-name=\"szulido\"><input size=\"40\" maxlength=\"400\" class=\"wpcf7-form-control wpcf7-text wpcf7-validates-as-required\" autocomplete=\"name\" aria-required=\"true\" aria-invalid=\"false\" value=\"\" type=\"text\" name=\"szulido\" \/><\/span> <\/label>\n<\/p>\n<p><label> <b>Telefonsz\u00e1m :<\/b><br \/>\n<span class=\"wpcf7-form-control-wrap\" data-name=\"telszam\"><input size=\"40\" maxlength=\"400\" class=\"wpcf7-form-control wpcf7-text wpcf7-validates-as-required\" autocomplete=\"name\" aria-required=\"true\" aria-invalid=\"false\" value=\"\" type=\"text\" name=\"telszam\" \/><\/span> <\/label>\n<\/p>\n<p><span class=\"wpcf7-form-control-wrap\" data-name=\"tanfolyam\"><span class=\"wpcf7-form-control wpcf7-checkbox wpcf7-validates-as-required wpcf7-exclusive-checkbox\"><span class=\"wpcf7-list-item first\"><label><span class=\"wpcf7-list-item-label\">Vitorl\u00e1s \u00e9s kisg\u00e9phaj\u00f3 vezet\u0151  kombin\u00e1lt tanfolyam 180 000 Ft. + Hat\u00f3s\u00e1gi d\u00edjak (vizsgad\u00edj + okm\u00e1nyki\u00e1ll\u00edt\u00e1si d\u00edj)<\/span><input type=\"checkbox\" name=\"tanfolyam\" value=\"Vitorl\u00e1s \u00e9s kisg\u00e9phaj\u00f3 vezet\u0151  kombin\u00e1lt tanfolyam 180 000 Ft. + Hat\u00f3s\u00e1gi d\u00edjak (vizsgad\u00edj + okm\u00e1nyki\u00e1ll\u00edt\u00e1si d\u00edj)\" \/><\/label><\/span><span class=\"wpcf7-list-item\"><label><span class=\"wpcf7-list-item-label\">Vitorl\u00e1s kishaj\u00f3 vezet\u0151 tanfolyam 150 000 Ft. + Hat\u00f3s\u00e1gi d\u00edjak (vizsgad\u00edj + okm\u00e1ny ki\u00e1ll\u00edt\u00e1si d\u00edj)<\/span><input type=\"checkbox\" name=\"tanfolyam\" value=\"Vitorl\u00e1s kishaj\u00f3 vezet\u0151 tanfolyam 150 000 Ft. + Hat\u00f3s\u00e1gi d\u00edjak (vizsgad\u00edj + okm\u00e1ny ki\u00e1ll\u00edt\u00e1si d\u00edj)\" \/><\/label><\/span><span class=\"wpcf7-list-item\"><label><span class=\"wpcf7-list-item-label\">Kisg\u00e9phaj\u00f3 vezet\u0151 tanfolyam 120 000 Ft + Hat\u00f3s\u00e1gi d\u00edjak (vizsgad\u00edj + okm\u00e1ny ki\u00e1ll\u00edt\u00e1si d\u00edj)<\/span><input type=\"checkbox\" name=\"tanfolyam\" value=\"Kisg\u00e9phaj\u00f3 vezet\u0151 tanfolyam 120 000 Ft + Hat\u00f3s\u00e1gi d\u00edjak (vizsgad\u00edj + okm\u00e1ny ki\u00e1ll\u00edt\u00e1si d\u00edj)\" \/><\/label><\/span><span class=\"wpcf7-list-item\"><label><span class=\"wpcf7-list-item-label\">Magyar Tengeri IV. oszt\u00e1ly\u00fa k\u00e9pz\u00e9s 90 000 Ft + Hat\u00f3s\u00e1gi d\u00edjak: (vizsgad\u00edj + okm\u00e1nyki\u00e1ll\u00edt\u00e1si d\u00edj)<\/span><input type=\"checkbox\" name=\"tanfolyam\" value=\"Magyar Tengeri IV. oszt\u00e1ly\u00fa k\u00e9pz\u00e9s 90 000 Ft + Hat\u00f3s\u00e1gi d\u00edjak: (vizsgad\u00edj + okm\u00e1nyki\u00e1ll\u00edt\u00e1si d\u00edj)\" \/><\/label><\/span><span class=\"wpcf7-list-item\"><label><span class=\"wpcf7-list-item-label\">Vitorl\u00e1s \u00e9s kisg\u00e9phaj\u00f3 vezet\u0151 + Tengeri IV. oszt\u00e1ly\u00fa k\u00e9pz\u00e9s 230 000 ft. + Hat\u00f3s\u00e1gi d\u00edjak (vizsgad\u00edj + okm\u00e1nyki\u00e1ll\u00edt\u00e1si d\u00edj)<\/span><input type=\"checkbox\" name=\"tanfolyam\" value=\"Vitorl\u00e1s \u00e9s kisg\u00e9phaj\u00f3 vezet\u0151 + Tengeri IV. oszt\u00e1ly\u00fa k\u00e9pz\u00e9s 230 000 ft. + Hat\u00f3s\u00e1gi d\u00edjak (vizsgad\u00edj + okm\u00e1nyki\u00e1ll\u00edt\u00e1si d\u00edj)\" \/><\/label><\/span><span class=\"wpcf7-list-item\"><label><span class=\"wpcf7-list-item-label\">Vitorl\u00e1s kishaj\u00f3 vezet\u0151 tanfolyam + Tengeri IV. oszt\u00e1ly\u00fa k\u00e9pz\u00e9s 200 000 Ft. + Hat\u00f3s\u00e1gi d\u00edjak (vizsgad\u00edj + okm\u00e1nyki\u00e1ll\u00edt\u00e1si d\u00edj)<\/span><input type=\"checkbox\" name=\"tanfolyam\" value=\"Vitorl\u00e1s kishaj\u00f3 vezet\u0151 tanfolyam + Tengeri IV. oszt\u00e1ly\u00fa k\u00e9pz\u00e9s 200 000 Ft. + Hat\u00f3s\u00e1gi d\u00edjak (vizsgad\u00edj + okm\u00e1nyki\u00e1ll\u00edt\u00e1si d\u00edj)\" \/><\/label><\/span><span class=\"wpcf7-list-item\"><label><span class=\"wpcf7-list-item-label\">Kisg\u00e9phaj\u00f3 vezet\u0151 tanfolyam + Tengeri IV. oszt\u00e1ly\u00fa k\u00e9pz\u00e9s 170 000 Ft. + Hat\u00f3s\u00e1gi d\u00edjak (vizsgad\u00edj + okm\u00e1nyki\u00e1ll\u00edt\u00e1si d\u00edj)<\/span><input type=\"checkbox\" name=\"tanfolyam\" value=\"Kisg\u00e9phaj\u00f3 vezet\u0151 tanfolyam + Tengeri IV. oszt\u00e1ly\u00fa k\u00e9pz\u00e9s 170 000 Ft. + Hat\u00f3s\u00e1gi d\u00edjak (vizsgad\u00edj + okm\u00e1nyki\u00e1ll\u00edt\u00e1si d\u00edj)\" \/><\/label><\/span><span class=\"wpcf7-list-item last\"><label><span class=\"wpcf7-list-item-label\">Egy\u00e9b tanfolyam K\u00e9rem keressenek fel<\/span><input type=\"checkbox\" name=\"tanfolyam\" value=\"Egy\u00e9b tanfolyam K\u00e9rem keressenek fel\" \/><\/label><\/span><\/span><\/span>\n<\/p>\n<p><input class=\"wpcf7-form-control wpcf7-submit has-spinner\" type=\"submit\" value=\"Bek\u00fcld\u00e9s\" \/>\n<\/p><p style=\"display: none !important;\" class=\"akismet-fields-container\" data-prefix=\"_wpcf7_ak_\"><label>&#916;<textarea name=\"_wpcf7_ak_hp_textarea\" cols=\"45\" rows=\"8\" maxlength=\"100\"><\/textarea><\/label><input type=\"hidden\" id=\"ak_js_1\" name=\"_wpcf7_ak_js\" value=\"29\"\/><script>document.getElementById( \"ak_js_1\" ).setAttribute( \"value\", ( new Date() ).getTime() );<\/script><\/p><div class=\"wpcf7-response-output\" aria-hidden=\"true\"><\/div>\n<\/form>\n<\/div>\n[\/vc_column][\/vc_row]<\/p>\n<\/div>","protected":false},"excerpt":{"rendered":"<p>[vc_row][vc_column][vc_column_text css=&#8221;&#8221;] Az al\u00e1bbi adatok megad\u00e1s\u00e1val jeletnkezhet a tanfolyamainkra. A tengeri kishaj\u00f3vezet\u0151i k\u00e9pz\u00e9s, csak akkor vehet\u0151 ig\u00e9nybe, amennyiben m\u00e1r van vitorl\u00e1skishaj\u00f3, vagy kisg\u00e9phaj\u00f3 vezet\u0151i jogos\u00edtv\u00e1nya! A tanfolyam d\u00edj tartalmazza, \u00a0az elm\u00e9leti online felk\u00e9sz\u00edt\u00e9s d\u00edj\u00e1t, \u00e9s a gyakorlati oktat\u00e1st. \u00a0A gyakorlati k\u00e9pz\u00e9shez, az MHSC minden eszk\u00f6zt, oktat\u00f3t, v\u00edzter\u00fcletet, kik\u00f6t\u0151t biztos\u00edt. Magyar Haj\u00f3z\u00e1si Sport Egyes\u00fclet banksz\u00e1mlasz\u00e1m: 11743040-20050344 [&hellip;]<\/p>\n","protected":false},"author":1,"featured_media":0,"parent":0,"menu_order":0,"comment_status":"closed","ping_status":"closed","template":"","meta":{"footnotes":""},"class_list":["post-820","page","type-page","status-publish","hentry"],"_links":{"self":[{"href":"https:\/\/mhsc.hu\/index.php?rest_route=\/wp\/v2\/pages\/820","targetHints":{"allow":["GET"]}}],"collection":[{"href":"https:\/\/mhsc.hu\/index.php?rest_route=\/wp\/v2\/pages"}],"about":[{"href":"https:\/\/mhsc.hu\/index.php?rest_route=\/wp\/v2\/types\/page"}],"author":[{"embeddable":true,"href":"https:\/\/mhsc.hu\/index.php?rest_route=\/wp\/v2\/users\/1"}],"replies":[{"embeddable":true,"href":"https:\/\/mhsc.hu\/index.php?rest_route=%2Fwp%2Fv2%2Fcomments&post=820"}],"version-history":[{"count":6,"href":"https:\/\/mhsc.hu\/index.php?rest_route=\/wp\/v2\/pages\/820\/revisions"}],"predecessor-version":[{"id":828,"href":"https:\/\/mhsc.hu\/index.php?rest_route=\/wp\/v2\/pages\/820\/revisions\/828"}],"wp:attachment":[{"href":"https:\/\/mhsc.hu\/index.php?rest_route=%2Fwp%2Fv2%2Fmedia&parent=820"}],"curies":[{"name":"wp","href":"https:\/\/api.w.org\/{rel}","templated":true}]}}