{"id":795,"date":"2024-06-11T11:51:00","date_gmt":"2024-06-11T09:51:00","guid":{"rendered":"https:\/\/mhsc.hu\/?page_id=795"},"modified":"2024-06-11T12:10:08","modified_gmt":"2024-06-11T10:10:08","slug":"elerhetosegeink","status":"publish","type":"page","link":"https:\/\/mhsc.hu\/?page_id=795","title":{"rendered":"El\u00e9rhet\u0151s\u00e9geink"},"content":{"rendered":"<div class=\"wpb-content-wrapper\"><p>[vc_row][vc_column][vc_column_text css=&#8221;&#8221;]<strong>Egyes\u00fclet\u00fcnk el\u00e9rhet\u0151s\u00e9ge:<\/strong><\/p>\n<p>2300 R\u00e1ckeve D\u00f6ms\u00f6di \u00fat 2.<\/p>\n<p><strong>Telefon:<br \/>\n<\/strong><\/p>\n<p><strong>Drgac J\u00f3zsef<\/strong> egyes\u00fcleti titk\u00e1r: <a href=\"tel:06209348242\">06-20\/9348242<\/a><\/p>\n<p><strong>Patakfalvi G\u00e1bor<\/strong> vezet\u0151 oktat\u00f3. <a href=\"tel:06203522691\">06-20\/3522691<\/a><\/p>\n<p>&nbsp;<\/p>\n<p><a href=\"mailto:info@mhsc.hu\">info@mhsc.hu<\/a><\/p>\n<p><strong>\u00a0<\/strong>[\/vc_column_text]<div id=\"sc_googlemap_1146136063\" class=\"sc_googlemap\" style=\"````width:100%;height:240px;\" data-zoom=\"16\" data-style=\"default\"><iframe src=\"https:\/\/maps.google.com\/maps?t=m&output=embed&iwloc=near&z=16&q=R%C3%A1ckeve+D%C3%B6ms%C3%B6di+%C3%BAt+2\" scrolling=\"no\" marginheight=\"0\" marginwidth=\"0\" frameborder=\"0\"\n                    aria-label=\"Magyar Haj\u00f3z\u00e1si Sport Club\"><\/iframe><\/div>[\/vc_column][\/vc_row]<\/p>\n<\/div>","protected":false},"excerpt":{"rendered":"<p>[vc_row][vc_column][vc_column_text css=&#8221;&#8221;]Egyes\u00fclet\u00fcnk el\u00e9rhet\u0151s\u00e9ge: 2300 R\u00e1ckeve D\u00f6ms\u00f6di \u00fat 2. Telefon: Drgac J\u00f3zsef egyes\u00fcleti titk\u00e1r: 06-20\/9348242 Patakfalvi G\u00e1bor vezet\u0151 oktat\u00f3. 06-20\/3522691 &nbsp; info@mhsc.hu \u00a0[\/vc_column_text][\/vc_column][\/vc_row]<\/p>\n","protected":false},"author":1,"featured_media":0,"parent":0,"menu_order":0,"comment_status":"closed","ping_status":"closed","template":"","meta":{"footnotes":""},"class_list":["post-795","page","type-page","status-publish","hentry"],"_links":{"self":[{"href":"https:\/\/mhsc.hu\/index.php?rest_route=\/wp\/v2\/pages\/795","targetHints":{"allow":["GET"]}}],"collection":[{"href":"https:\/\/mhsc.hu\/index.php?rest_route=\/wp\/v2\/pages"}],"about":[{"href":"https:\/\/mhsc.hu\/index.php?rest_route=\/wp\/v2\/types\/page"}],"author":[{"embeddable":true,"href":"https:\/\/mhsc.hu\/index.php?rest_route=\/wp\/v2\/users\/1"}],"replies":[{"embeddable":true,"href":"https:\/\/mhsc.hu\/index.php?rest_route=%2Fwp%2Fv2%2Fcomments&post=795"}],"version-history":[{"count":6,"href":"https:\/\/mhsc.hu\/index.php?rest_route=\/wp\/v2\/pages\/795\/revisions"}],"predecessor-version":[{"id":806,"href":"https:\/\/mhsc.hu\/index.php?rest_route=\/wp\/v2\/pages\/795\/revisions\/806"}],"wp:attachment":[{"href":"https:\/\/mhsc.hu\/index.php?rest_route=%2Fwp%2Fv2%2Fmedia&parent=795"}],"curies":[{"name":"wp","href":"https:\/\/api.w.org\/{rel}","templated":true}]}}