{"id":754,"date":"2024-06-06T12:12:33","date_gmt":"2024-06-06T10:12:33","guid":{"rendered":"https:\/\/mhsc.hu\/?page_id=754"},"modified":"2024-06-25T15:04:03","modified_gmt":"2024-06-25T13:04:03","slug":"foldkoruli-vitorlazonk-kopar-istvan","status":"publish","type":"page","link":"https:\/\/mhsc.hu\/?page_id=754","title":{"rendered":"F\u00f6ldk\u00f6r\u00fcli vitorl\u00e1z\u00f3nk, Kop\u00e1r Istv\u00e1n."},"content":{"rendered":"<div class=\"wpb-content-wrapper\"><p>[vc_row][vc_column][vc_single_image image=&#8221;866&#8243; img_size=&#8221;full&#8221; css=&#8221;&#8221;][vc_column_text css=&#8221;&#8221;]<\/p>\n<div class=\"entry-cover-image cover_fixed_height\">\n<header class=\"entry-header\">\n<div class=\"inner-wrap\">\n<h1 class=\"entry-title\">Kop\u00e1r Istv\u00e1n (ifj.)<\/h1>\n<\/div>\n<\/header>\n<\/div>\n<div class=\"entry-content\">\n<div class=\"elementor elementor-728\" data-elementor-type=\"wp-post\" data-elementor-id=\"728\">\n<section class=\"elementor-section elementor-top-section elementor-element elementor-element-627aa29 elementor-section-boxed elementor-section-height-default elementor-section-height-default\" data-id=\"627aa29\" data-element_type=\"section\">\n<div class=\"elementor-container elementor-column-gap-default\">\n<div class=\"elementor-column elementor-col-100 elementor-top-column elementor-element elementor-element-9d3e3b9\" data-id=\"9d3e3b9\" data-element_type=\"column\">\n<div class=\"elementor-widget-wrap elementor-element-populated\">\n<div class=\"elementor-element elementor-element-ceb4e1b elementor-widget elementor-widget-heading animated zoomIn\" data-id=\"ceb4e1b\" data-element_type=\"widget\" data-settings=\"{&quot;_animation&quot;:&quot;zoomIn&quot;}\" data-widget_type=\"heading.default\">\n<div class=\"elementor-widget-container\">\n<h2 class=\"elementor-heading-title elementor-size-default\">Hivatalos weboldalak:<\/h2>\n<\/div>\n<\/div>\n<\/div>\n<\/div>\n<\/div>\n<\/section>\n<section class=\"elementor-section elementor-top-section elementor-element elementor-element-288fece elementor-section-boxed elementor-section-height-default elementor-section-height-default\" data-id=\"288fece\" data-element_type=\"section\">\n<div class=\"elementor-container elementor-column-gap-default\">\n<div class=\"elementor-column elementor-col-100 elementor-top-column elementor-element elementor-element-3936532\" data-id=\"3936532\" data-element_type=\"column\">\n<div class=\"elementor-widget-wrap elementor-element-populated\">\n<section class=\"elementor-section elementor-inner-section elementor-element elementor-element-1b9478f elementor-section-boxed elementor-section-height-default elementor-section-height-default\" data-id=\"1b9478f\" data-element_type=\"section\">\n<div class=\"elementor-container elementor-column-gap-default\">\n<div class=\"elementor-column elementor-col-50 elementor-inner-column elementor-element elementor-element-c9951d1\" data-id=\"c9951d1\" data-element_type=\"column\">\n<div class=\"elementor-widget-wrap elementor-element-populated\">\n<div class=\"elementor-element elementor-element-4d06162 elementor-align-center elementor-widget elementor-widget-button animated zoomIn\" data-id=\"4d06162\" data-element_type=\"widget\" data-settings=\"{&quot;_animation&quot;:&quot;zoomIn&quot;}\" data-widget_type=\"button.default\">\n<div class=\"elementor-widget-container\">\n<div class=\"elementor-button-wrapper\"><a class=\"elementor-button-link elementor-button elementor-size-md\" role=\"button\" href=\"http:\/\/www.koparsailing.com\/\"><span class=\"elementor-button-content-wrapper\"><span class=\"elementor-button-text\">www.koparsailing.com<\/span><\/span><\/a><\/div>\n<\/div>\n<\/div>\n<\/div>\n<\/div>\n<div class=\"elementor-column elementor-col-50 elementor-inner-column elementor-element elementor-element-197a7b8\" data-id=\"197a7b8\" data-element_type=\"column\">\n<div class=\"elementor-widget-wrap elementor-element-populated\">\n<div class=\"elementor-element elementor-element-336bc6b elementor-align-center elementor-widget elementor-widget-button animated zoomIn\" data-id=\"336bc6b\" data-element_type=\"widget\" data-settings=\"{&quot;_animation&quot;:&quot;zoomIn&quot;}\" data-widget_type=\"button.default\">\n<div class=\"elementor-widget-container\">\n<div class=\"elementor-button-wrapper\"><a class=\"elementor-button-link elementor-button elementor-size-md\" role=\"button\" href=\"http:\/\/www.globediscovery.com\/\"><span class=\"elementor-button-content-wrapper\"><span class=\"elementor-button-text\">www.globediscovery.com<\/span><\/span><\/a><\/div>\n<\/div>\n<\/div>\n<\/div>\n<\/div>\n<\/div>\n<\/section>\n<\/div>\n<\/div>\n<\/div>\n<\/section>\n<section class=\"elementor-section elementor-top-section elementor-element elementor-element-298cad3 elementor-section-boxed elementor-section-height-default elementor-section-height-default\" data-id=\"298cad3\" data-element_type=\"section\">\n<div class=\"elementor-container elementor-column-gap-default\">\n<div class=\"elementor-column elementor-col-100 elementor-top-column elementor-element elementor-element-ad04679\" data-id=\"ad04679\" data-element_type=\"column\">\n<div class=\"elementor-widget-wrap elementor-element-populated\">\n<div class=\"elementor-element elementor-element-0aa8e78 elementor-widget elementor-widget-text-editor\" data-id=\"0aa8e78\" data-element_type=\"widget\" data-widget_type=\"text-editor.default\">\n<div class=\"elementor-widget-container\">\n<p>&nbsp;<\/p>\n<p>(1953. m\u00e1rcius 8. Budapest \u2013)<\/p>\n<\/div>\n<\/div>\n<\/div>\n<\/div>\n<\/div>\n<\/section>\n<section class=\"elementor-section elementor-top-section elementor-element elementor-element-ccb4400 elementor-section-boxed elementor-section-height-default elementor-section-height-default\" data-id=\"ccb4400\" data-element_type=\"section\">\n<div class=\"elementor-container elementor-column-gap-default\">\n<div class=\"elementor-column elementor-col-100 elementor-top-column elementor-element elementor-element-7176b622\" data-id=\"7176b622\" data-element_type=\"column\">\n<div class=\"elementor-widget-wrap elementor-element-populated\">\n<div class=\"elementor-element elementor-element-2d0b9b63 elementor-drop-cap-yes elementor-drop-cap-view-default elementor-widget elementor-widget-text-editor\" data-id=\"2d0b9b63\" data-element_type=\"widget\" data-settings=\"{&quot;drop_cap&quot;:&quot;yes&quot;}\" data-widget_type=\"text-editor.default\">\n<div class=\"elementor-widget-container\">\n<p><span class=\"elementor-drop-cap\"><span class=\"elementor-drop-cap-letter\">T<\/span><\/span>enger\u00e9szkapit\u00e1ny, vitorl\u00e1soktat\u00f3, \u00fczemm\u00e9rn\u00f6k, k\u00f6zgazd\u00e1sz. \u00c9desapja dr. Kop\u00e1r Istv\u00e1n szint\u00e9n k\u00f6zgazd\u00e1sz, \u0151 is az MVSZ \u00f6r\u00f6k\u00f6s Tagja, \u00e9desanyja Cs\u00e1nky Katalin statisztikus.<\/p>\n<p>1971-ben a K\u00f6nyves K\u00e1lm\u00e1n Gimn\u00e1ziumban \u00e9retts\u00e9gizett. Elv\u00e9gezte a Testnevel\u00e9si F\u0151iskola edz\u0151i szakot, a Budapesti M\u0171szaki Egyetem K\u00f6zleked\u00e9sm\u00e9rn\u00f6ki Kar Haj\u00f3z\u00e1si f\u0151iskolai szakot \u00e9s a K\u00fclkereskedelmi F\u0151iskol\u00e1t.<\/p>\n<p>1971-t\u0151l 1984-ig a Mahart Tengerhaj\u00f3z\u00e1si \u00dczemigazgat\u00f3s\u00e1gn\u00e1l matr\u00f3z, r\u00e1di\u00f3s, gazdas\u00e1gi tiszt. 1984\u20131998-ben a Mahart Balatoni Haj\u00f3z\u00e1si Le\u00e1nyv\u00e1llalatn\u00e1l, Balatonalm\u00e1diban \u00e1llom\u00e1svezet\u0151.<\/p>\n<p>1984 \u00e9s 1998 k\u00f6z\u00f6tt Mahart-Salammbo Yacht Club Kft., 1994-t\u0151l Globe Discovery USA, Inc. Boca Raton (USA), 1996\u20131998-ban Globe Discovery Hungary Kft. Bp., tulajdonos\u2013 \u00fcgyvezet\u0151 igazgat\u00f3ja.<\/p>\n<p>1965-t\u0151l vitorl\u00e1sversenyz\u0151. Korm\u00e1nyosk\u00e9nt versenyzett Kal\u00f3z, Finn dinghy, Star \u00e9s Soling oszt\u00e1lyokban.<\/p>\n<p>1984-ben -az orsz\u00e1gban els\u0151k\u00e9nt- alap\u00edtott vitorl\u00e1soktat\u00f3 \u00e9s kik\u00f6t\u0151i szolg\u00e1ltat\u00e1sokat ny\u00fajt\u00f3 v\u00e1llalkoz\u00e1st a Balatonon.<\/p>\n<p>1987-ben a BAHART, Kop\u00e1r Istv\u00e1n diploma munk\u00e1j\u00e1ban le\u00edrtak alapj\u00e1n ind\u00edtotta meg szezon ny\u00fajt\u00f3 Marina l\u00e1nc \u00e9p\u00edt\u00e9s\u00e9t.<\/p>\n<p>1990-91-ben -els\u0151 magyark\u00e9nt- ker\u00fclte meg a F\u00f6ldet, egyed\u00fcl, egyetlen kik\u00f6t\u00e9ssel (Perth) az \u00f6t (5) legd\u00e9lebb sz\u00e1razf\u00f6ldi fok megker\u00fcl\u00e9s\u00e9vel, a Salammbo nev\u0171 Balaton 31-es t\u00edpus\u00fa haj\u00f3val, az adott haj\u00f3m\u00e9retben \u00e9s \u00fatvonalon vil\u00e1grekord sebess\u00e9ggel (125 tmf\/nap).<\/p>\n<p>1992-t\u0151l a Magyar Haj\u00f3ipari Egyes\u00fclet \u00e9s a Budapesti Boat Show egyik alap\u00edt\u00f3ja \u00e9s aleln\u00f6ke volt. Ebben az \u00e9vben jelent meg els\u0151 k\u00f6nyve, a \u201eKih\u00edv\u00e1s\u201d 10 000 p\u00e9ld\u00e1nyban.<\/p>\n<p>1992-ben \u2013 Amerika felfedez\u00e9s\u00e9nek 500. \u00e9vfordul\u00f3j\u00e1n \u2013Kop\u00e1r Istv\u00e1n \u00e9s a F\u00f6ld ker\u00fcl\u0151 Salammbo a magyar ki\u00e1ll\u00edt\u00e1s r\u00e9sze volt a Haj\u00f3z\u00e1si Exp\u00f3nak Genov\u00e1ban \u00e9s a Sevilla Vil\u00e1gki\u00e1ll\u00edt\u00e1snak, ahol a sportdiplom\u00e1ciai munk\u00e1ja eredm\u00e9nyek\u00e9nt fogadta a Spanyol kir\u00e1lyi p\u00e1r is.<\/p>\n<p>Ezt k\u00f6vet\u0151en indult az America 500-on (Atlanti-\u00f3ce\u00e1ni \u00e1tkel\u0151 verseny) ahol a Kolumbusz verseny egyetlen magyar indul\u00f3jak\u00e9nt, Cittel Lajos versenyz\u0151t\u00e1rs\u00e1val kateg\u00f3ri\u00e1j\u00e1ban a m\u00e1sodik helyen v\u00e9gzett (Abszol\u00fatban a 19. helyen 23 nemzet 146 haj\u00f3ja k\u00f6z\u00f6tt).<\/p>\n<p>1993-ban egyed\u00fcl vitorl\u00e1zta vissza a Salammbot Europ\u00e1ba, a Miami-Horta 3000 tmf-es szakaszt rekordid\u0151 alatt (20 nap alatt, napi 150 tmf\/nap) teljes\u00edtve.<\/p>\n<p>1995 els\u0151 fel\u00e9ben \u2013els\u0151 magyark\u00e9nt- ker\u00fclte meg a h\u00edrhedt Agulhas fokot nyugati ir\u00e1nyban, mialatt egyed\u00fcl vitorl\u00e1zott egy 37 l\u00e1bas vitorl\u00e1st Durbanb\u00f3l (D\u00e9l-Afrika) Savann\u00e1ba (Georgia, USA), 65 nap alatt, egyetlen kik\u00f6t\u00e9ssel (BVI).<\/p>\n<p>1995-ben \u2013els\u0151 magyark\u00e9nt- indult az ARC \u201995-\u00f6n (Atlanti-\u00f3ce\u00e1ni \u00e1tkel\u0151 versenyen) \u00e9s S\u00f6r\u00f6s Jen\u0151 versenyz\u0151t\u00e1rs\u00e1val elnyert\u00e9k a legjobban k\u00fczd\u0151 versenyz\u0151k d\u00edj\u00e1t \u2013Kapry\u2019s Trophy-, mert a rajtot 4 nap 4 \u00f3r\u00e1val lek\u00e9sve is (sz\u00e1razf\u00f6ldi technikai akad\u00e1ly) a mez\u0151ny els\u0151 k\u00e9tharmad\u00e1ba v\u00e9geztek.<\/p>\n<p>1996\u20131997-ben a Hong Kong Challenge f\u00f6ldker\u00fcl\u0151 vitorl\u00e1sversenyen a MOL- HUNGARIA 1100 nev\u0171 haj\u00f3val (Tripp 55\u2019) -a magyar vitorl\u00e1s t\u00f6rt\u00e9net\u00e9ben el\u0151sz\u00f6r \u00e9s az\u00f3ta egyed\u00fcl\u00e1ll\u00f3an- magyar csapatot ind\u00edtott \u00e9s elnyerte a Sir Edward Heath Kup\u00e1t a leggyorsabb f\u00f6ldker\u00fcl\u0151 haj\u00f3 kapit\u00e1nyak\u00e9nt. 1977-ben a Haza Szolg\u00e1lat\u00e1\u00e9rt \u00c9rdem\u00e9rem bronz fokozat\u00e1t vehette \u00e1t. 1994-ben az exkluz\u00edv Cruising Club of America \u201eBlue Water Medal\u201d-ra jel\u00f6lte \u00e9s a Slocum Society \u00f6r\u00f6k\u00f6s tagj\u00e1v\u00e1 v\u00e1lasztotta. 1997-ben Magyar K\u00f6zt\u00e1rsas\u00e1gi \u00c9rdemrend K\u00f6z\u00e9pkeresztje kit\u00fcntet\u00e9sben r\u00e9szes\u00fclt. 1998-ban Balatonalm\u00e1di v\u00e1ros d\u00edszpolg\u00e1r\u00e1nak v\u00e1lasztott\u00e1k.<\/p>\n<p>1998-t\u00f3l az USA-ban \u00e9lt \u00e9s a haj\u00f3z\u00e1s k\u00fcl\u00f6nb\u00f6z\u0151 ter\u00fcletein dolgozott, a US Sailing szervez\u00e9s\u00e9ben sok sz\u00e1z vitorl\u00e1s oktat\u00f3t k\u00e9pzett.<\/p>\n<p>2012-2015 k\u00f6z\u00f6tt az USA egyik legpatin\u00e1sabb klubj\u00e1nak a Seawanhaka Yacht Club (LI, NY) \u2013 vitorl\u00e1s \u00e9let\u00e9t ir\u00e1ny\u00edtotta.<\/p>\n<p>2014-ben jelent meg m\u00e1sodik k\u00f6nyve a \u201eKih\u00edv\u00e1s I-II. A Szilas-patakt\u00f3l a Connecticut-foly\u00f3ig\u201d, majd 2015-ben az els\u0151 k\u00f6nyve angolul is,\u201eKih\u00edv\u00e1s-Alone at the Ends of the Earth\u201d c\u00edmmel (az Amazonon kereszt\u00fcl a vil\u00e1g minden t\u00e1j\u00e1n kaphat\u00f3).<\/p>\n<p>2018-19-ben harmadszor vitorl\u00e1zta k\u00f6r\u00fcl a F\u00f6ldet. M\u00e1sodszor egyed\u00fcl haj\u00f3zva, el\u0151sz\u00f6r partrasz\u00e1ll\u00e1s n\u00e9lk\u00fcl, 66 esztend\u0151s kor\u00e1ban 263 nap, 1 \u00f3ra \u00e9s 30 perc alatt teljes\u00edtette a Golden Globe Race f\u00f6ldker\u00fcl\u0151 sz\u00f3l\u00f3 vitorl\u00e1sversenyt. A Golden Globe Race a sportt\u00f6rt\u00e9net leghosszabb versenye, a szuper Marath\u00f3n \u00e9s a modern technika kiz\u00e1r\u00e1s\u00e1nak k\u00f6sz\u00f6nhet\u0151en a legnehezebb F\u00f6ldker\u00fcl\u0151 vitorl\u00e1s verseny. A 18 elrajtolt haj\u00f3 k\u00f6z\u00fcl a negyedik helyen \u00e9rt c\u00e9lba a franciaorsz\u00e1gi Sables d\u2019Olonne kik\u00f6t\u0151j\u00e9be. Mivel az el\u0151tte befut\u00f3kr\u00f3l bebizonyosodott, hogy k\u00fcls\u0151 seg\u00edts\u00e9get kaptak a navig\u00e1ci\u00f3hoz, \u0151t kellett volna gy\u0151ztesnek kihirdetni.<br \/>\nAz International Association of Cape Horners (IACH) \u00f6r\u00f6k\u00f6s tagj\u00e1v\u00e1 v\u00e1lasztotta \u00e9s \u0151 az \u00f6t\u00f6dik a vil\u00e1gon, aki a Golden Globe Race-t teljes\u00edtette (bele\u00e9rtve az els\u0151t: Sir Robin Knox-Johnstont). Napjainkig bez\u00e1r\u00f3lag F\u00f6ld\u00fcnk\u00f6n csup\u00e1n 10 vitorl\u00e1z\u00f3 ker\u00fclte meg a F\u00f6ldet egyed\u00fcl, kik\u00f6t\u00e9s n\u00e9lk\u00fcl, hagyom\u00e1nyos csillagaszati navig\u00e1ci\u00f3val.<\/p>\n<\/div>\n<\/div>\n<\/div>\n<\/div>\n<\/div>\n<\/section>\n<\/div>\n<\/div>\n<p>&nbsp;[\/vc_column_text][\/vc_column][\/vc_row][vc_row][vc_column][vc_tta_tabs][vc_tta_section title=&#8221;WESTBOUND SPOT &#8221; tab_id=&#8221;1719320095870-7fb1b17d-6121&#8243;][vc_video link=&#8221;https:\/\/www.youtube.com\/watch?v=6hsnXjIhf64&#8243; css=&#8221;&#8221;][\/vc_tta_section][vc_tta_section title=&#8221;A szabads\u00e1g \u00e1ra&#8221; tab_id=&#8221;1719320095871-e39e5410-8155&#8243;][vc_video link=&#8221;https:\/\/www.youtube.com\/watch?v=MEoF2Jbgc9g&#8221; css=&#8221;&#8221;][\/vc_tta_section][vc_tta_section title=&#8221;ARC&#8217;95 -Atlantic Rally for Cruisers in 1995&#8243; tab_id=&#8221;1719320255525-2c2a5b52-df68&#8243;][vc_video link=&#8221;https:\/\/youtu.be\/xwBFKhR-LW0&#8243; css=&#8221;&#8221;][\/vc_tta_section][vc_tta_section title=&#8221;Kih\u00edv\u00e1s Challenge Ocean Marathon&#8221; tab_id=&#8221;1719320357792-25512c20-b1e6&#8243;][vc_video link=&#8221;https:\/\/youtu.be\/vQrryx8R7AM&#8221; css=&#8221;&#8221;][\/vc_tta_section][vc_tta_section title=&#8221;Diadal az \u00d3ce\u00e1nokon -Hong Kong Challenge 1996-97&#8243; tab_id=&#8221;1719320416068-eeb20336-6799&#8243;][vc_video link=&#8221;https:\/\/www.youtube.com\/watch?v=3cjWUqyCAZs&#8221; css=&#8221;&#8221;][\/vc_tta_section][vc_tta_section title=&#8221;Guly\u00e1s L\u00e1szl\u00f3 besz\u00e9lget\u00e9se Kop\u00e1r Istv\u00e1nnal&#8221; tab_id=&#8221;1719320607338-b0d4166a-c41c&#8221;][vc_video link=&#8221;https:\/\/www.youtube.com\/watch?v=j2Jqm4VDFNY&#8221; css=&#8221;&#8221;][\/vc_tta_section][\/vc_tta_tabs][\/vc_column][\/vc_row]<\/p>\n<!-- \/wp:post-content --><\/div>","protected":false},"excerpt":{"rendered":"<p>[vc_row][vc_column][vc_single_image image=&#8221;866&#8243; img_size=&#8221;full&#8221; css=&#8221;&#8221;][vc_column_text css=&#8221;&#8221;] Kop\u00e1r Istv\u00e1n (ifj.) Hivatalos weboldalak: www.koparsailing.com www.globediscovery.com &nbsp; (1953. m\u00e1rcius 8. Budapest \u2013) Tenger\u00e9szkapit\u00e1ny, vitorl\u00e1soktat\u00f3, \u00fczemm\u00e9rn\u00f6k, k\u00f6zgazd\u00e1sz. \u00c9desapja dr. Kop\u00e1r Istv\u00e1n szint\u00e9n k\u00f6zgazd\u00e1sz, \u0151 is az MVSZ \u00f6r\u00f6k\u00f6s Tagja, \u00e9desanyja Cs\u00e1nky Katalin statisztikus. 1971-ben a K\u00f6nyves K\u00e1lm\u00e1n Gimn\u00e1ziumban \u00e9retts\u00e9gizett. Elv\u00e9gezte a Testnevel\u00e9si F\u0151iskola edz\u0151i szakot, a Budapesti M\u0171szaki Egyetem K\u00f6zleked\u00e9sm\u00e9rn\u00f6ki [&hellip;]<\/p>\n","protected":false},"author":1,"featured_media":0,"parent":0,"menu_order":0,"comment_status":"closed","ping_status":"closed","template":"","meta":{"footnotes":""},"class_list":["post-754","page","type-page","status-publish","hentry"],"_links":{"self":[{"href":"https:\/\/mhsc.hu\/index.php?rest_route=\/wp\/v2\/pages\/754","targetHints":{"allow":["GET"]}}],"collection":[{"href":"https:\/\/mhsc.hu\/index.php?rest_route=\/wp\/v2\/pages"}],"about":[{"href":"https:\/\/mhsc.hu\/index.php?rest_route=\/wp\/v2\/types\/page"}],"author":[{"embeddable":true,"href":"https:\/\/mhsc.hu\/index.php?rest_route=\/wp\/v2\/users\/1"}],"replies":[{"embeddable":true,"href":"https:\/\/mhsc.hu\/index.php?rest_route=%2Fwp%2Fv2%2Fcomments&post=754"}],"version-history":[{"count":4,"href":"https:\/\/mhsc.hu\/index.php?rest_route=\/wp\/v2\/pages\/754\/revisions"}],"predecessor-version":[{"id":869,"href":"https:\/\/mhsc.hu\/index.php?rest_route=\/wp\/v2\/pages\/754\/revisions\/869"}],"wp:attachment":[{"href":"https:\/\/mhsc.hu\/index.php?rest_route=%2Fwp%2Fv2%2Fmedia&parent=754"}],"curies":[{"name":"wp","href":"https:\/\/api.w.org\/{rel}","templated":true}]}}