{"id":738,"date":"2024-06-06T12:03:42","date_gmt":"2024-06-06T10:03:42","guid":{"rendered":"https:\/\/mhsc.hu\/?page_id=738"},"modified":"2025-02-20T14:08:47","modified_gmt":"2025-02-20T13:08:47","slug":"belvizi-kedvtelesi-celu-hajos-kepesitesek","status":"publish","type":"page","link":"https:\/\/mhsc.hu\/?page_id=738","title":{"rendered":"K\u00e9pz\u00e9sek"},"content":{"rendered":"<div class=\"wpb-content-wrapper\"><p>[vc_row][vc_column][vc_column_text css=&#8221;&#8221;]<\/p>\n<h2><strong>Vitorl\u00e1s \u00e9s kisg\u00e9phaj\u00f3 ( motorcs\u00f3nak ) vezet\u0151i tanfolyamok.<\/strong><\/h2>\n<p>[\/vc_column_text][vc_single_image image=&#8221;792&#8243; img_size=&#8221;medium&#8221; onclick=&#8221;img_link_large&#8221; css=&#8221;.vc_custom_1718799050961{padding-left: 110px !important;}&#8221;][vc_column_text css=&#8221;&#8221;]<strong>Patakfalvi G\u00e1bor<\/strong> A oszt\u00e1ly\u00fa haj\u00f3skapit\u00e1ny, hat\u00f3s\u00e1gi haj\u00f3z\u00e1si vizsgabiztos, vezet\u0151oktat\u00f3.[\/vc_column_text][vc_column_text css=&#8221;&#8221;]<\/p>\n<h4><\/h4>\n<h4><strong>Kedves leend\u0151 Sportt\u00e1rsaink, vitorl\u00e1z\u00f3k, haj\u00f3vezet\u0151k.<\/strong><\/h4>\n<h6>T\u00e1j\u00e9koztatunk benneteket, hogy egyes\u00fclet\u00fcnk, vitorl\u00e1s kishaj\u00f3 vezet\u0151i jogos\u00edtv\u00e1ny, illetve kisg\u00e9phaj\u00f3 vezet\u0151i jogos\u00edtv\u00e1ny megszerz\u00e9s\u00e9hez, komplett felk\u00e9sz\u00edt\u0151 tanfolyamokat ind\u00edt.<\/h6>\n<p>A tanfolyamok tartalmazz\u00e1k az elm\u00e9leti vizsga felk\u00e9sz\u00fcl\u00e9s\u00e9hez sz\u00fcks\u00e9ges online hozz\u00e1f\u00e9r\u00e9st, a konzult\u00e1ci\u00f3s lehet\u0151s\u00e9geket, illetve a teljes gyakorlati felk\u00e9sz\u00edt\u00e9st.<\/p>\n<p>A <strong>vitorl\u00e1s kishaj\u00f3 vezet\u0151i jogos\u00edtv\u00e1ny<\/strong> egy Magyar Nemzetk\u00f6zi (ICC) vitorl\u00e1s<br \/>\njogos\u00edtv\u00e1ny, ami belvizekre vitorl\u00e1s kishaj\u00f3k sportc\u00e9l\u00fa vezet\u00e9s\u00e9hez, 20 m<br \/>\nhaj\u00f3hosszig, vitorla fel\u00fcleti korl\u00e1toz\u00e1s n\u00e9lk\u00fcl, 12 f\u0151 utasl\u00e9tsz\u00e1mig haszn\u00e1lhat\u00f3.<br \/>\n<em>Ez a k\u00e9pz\u00e9s a Magyar tengeri IV. oszt\u00e1ly\u00fa kieg\u00e9sz\u00edt\u0151 k\u00e9pz\u00e9ssel\u00a0egy\u00fctt is<\/em><br \/>\n<em>elv\u00e9gezhet\u0151!<\/em><\/p>\n<p>A <strong>kisg\u00e9phaj\u00f3 vezet\u0151i jogos\u00edtv\u00e1ny<\/strong>, egy Magyar Nemzetk\u00f6zi (ICC) motorcs\u00f3nak<br \/>\njogos\u00edtv\u00e1ny, ami belvizekre (foly\u00f3k, tavak, csatorn\u00e1k) kisg\u00e9phaj\u00f3 \u00e9s jetski<br \/>\nsportc\u00e9l\u00fa vezet\u00e9s\u00e9hez, 20 m haj\u00f3hosszig, motor teljes\u00edtm\u00e9ny korl\u00e1toz\u00e1s n\u00e9lk\u00fcl,<br \/>\n12 f\u0151 utasl\u00e9tsz\u00e1mig haszn\u00e1lhat\u00f3.<br \/>\n<em>Ez a k\u00e9pz\u00e9s a Magyar tengeri IV. oszt\u00e1ly\u00fa kieg\u00e9sz\u00edt\u0151 k\u00e9pz\u00e9ssel\u00a0egy\u00fctt is<\/em><br \/>\n<em>elv\u00e9gezhet\u0151!<\/em><\/p>\n<p><strong>Kedvtel\u00e9si c\u00e9l\u00fa vitorl\u00e1s kishaj\u00f3vezet\u0151i \u00e9s kisg\u00e9phaj\u00f3 vezet\u0151i tanfolyam:<\/strong><br \/>\nA tanfolyamok elm\u00e9leti \u00e9s gyakorlati r\u00e9szekb\u0151l \u00e1llnak. Elm\u00e9leti vizsg\u00e1ra t\u00e1voktat\u00e1sban lehet felk\u00e9sz\u00fclni, amely a jelentkez\u00e9st k\u00f6vet\u0151en, a<br \/>\nr\u00e9szv\u00e9teli d\u00edjak befizet\u00e9se ut\u00e1n, azonnal elkezdhet\u0151. Elm\u00e9leti vizsg\u00e1ra a KAV<br \/>\nkijel\u00f6lt id\u0151pontjaira jelentkezhetsz. Gyakorlati oktat\u00e1sok id\u0151pontj\u00e1t te<br \/>\nv\u00e1laszthatod ki. El\u0151zetes egyeztet\u00e9ssel Sport Clubunkkal. Vitorl\u00e1s \u00e9s kisg\u00e9phaj\u00f3<br \/>\noktat\u00f3 haj\u00f3ink man\u0151ver k\u00e9pess\u00e9ge kiv\u00e1l\u00f3, a vizsgafeladatok k\u00f6nnyen<br \/>\nelsaj\u00e1t\u00edthat\u00f3ak, ez\u00e9rt v\u00e1lasztottuk oktat\u00e1sra ezeket a haj\u00f3 t\u00edpusokat.[\/vc_column_text][vc_single_image image=&#8221;741&#8243; img_size=&#8221;full&#8221; css=&#8221;&#8221; title=&#8221;Oktat\u00f3 haj\u00f3ink pihen\u0151ben.&#8221;][\/vc_column][vc_column][\/vc_column][vc_column][\/vc_column][vc_column][\/vc_column][vc_column][\/vc_column][\/vc_row][vc_row][vc_column][vc_single_image image=&#8221;743&#8243; img_size=&#8221;Full&#8221; css=&#8221;&#8221; title=&#8221;Kisg\u00e9phaj\u00f3nk&#8221;][\/vc_column][\/vc_row][vc_row][vc_column][vc_column_text css=&#8221;&#8221;]<strong>A gyakorlati oktat\u00e1s \u00e9s a vizsga helysz\u00edne:<\/strong><br \/>\nR\u00e1ckeve, mint a R\u00e1ckevei &#8211; Soroks\u00e1ri (RSD.) Duna-\u00e1g.\u00a0kisv\u00e1ros\u00e1nak v\u00edzter\u00fclete.<\/p>\n<p><strong>Vizsg\u00e1k:<\/strong><br \/>\nA hallgat\u00f3k a KAV K\u00f6zleked\u00e9si Alkalmass\u00e1gi \u00e9s Vizsgak\u00f6zpont erre kialak\u00edtott<br \/>\nvizsgatermeiben tehetnek \u00e9rint\u0151k\u00e9perny\u0151s sz\u00e1m\u00edt\u00f3g\u00e9pes elm\u00e9leti tesztvizsg\u00e1t k\u00e9t<br \/>\nhetente.<\/p>\n<p><strong>Vitorl\u00e1s kishaj\u00f3 vezet\u0151i vizsgatant\u00e1rgyak:<\/strong><\/p>\n<ul>\n<li>Haj\u00f3z\u00e1si szab\u00e1lyzat (V\u00edzi kresz)<\/li>\n<li>Haj\u00f3z\u00e1si ismeretek, vitorl\u00e1z\u00e1s elm\u00e9let.<\/li>\n<li>Gyakorlati vizsga.<\/li>\n<\/ul>\n<p><strong>Kisg\u00e9phaj\u00f3 vezet\u0151i vizsgatant\u00e1rgyak:<\/strong><\/p>\n<ul>\n<li>Haj\u00f3z\u00e1si szab\u00e1lyzat. (V\u00edzi kresz)<\/li>\n<li>Haj\u00f3z\u00e1si ismeretek, kisg\u00e9phaj\u00f3.<\/li>\n<li>Gyakorlati vizsga.<\/li>\n<li>Gyakorlati vizsg\u00e1kat havonta szervez\u00fcnk.<\/li>\n<li>A vitorl\u00e1s gyakorlati vizsga d\u00e9lel\u0151tt, a gyakorlati oktat\u00e1s helysz\u00edn\u00e9n zajlik.<\/li>\n<\/ul>\n<p><strong>T\u00e1voktat\u00e1sos elm\u00e9leti felk\u00e9sz\u00edt\u00e9s<\/strong><\/p>\n<ul>\n<li>vide\u00f3s el\u0151ad\u00e1sok korl\u00e1tlan megtekint\u00e9si lehet\u0151s\u00e9ge<\/li>\n<li>kiz\u00e1r\u00f3lagos fejleszt\u00e9s\u0171 tesztgyakorl\u00f3 program 35 napos haszn\u00e1lata (k\u00e9rd\u00e9sspecifikus tananyag, t\u00f6bbf\u00e9le gyakorl\u00f3 m\u00f3d, korl\u00e1tlan pr\u00f3bavizsga lehet\u0151s\u00e9g)<\/li>\n<li>konzult\u00e1ci\u00f3s lehet\u0151s\u00e9g<\/li>\n<\/ul>\n<p><strong>Vitorl\u00e1s gyakorlati oktat\u00e1s.<\/strong><\/p>\n<ul>\n<li>\u00a03 x 6 \u00f3ra gyakorlati oktat\u00e1s<\/li>\n<li>1 f\u0151 haj\u00f3vezet\u0151 \u00e9s 2 &#8211; 3 f\u0151 szem\u00e9lyzet gyakorol felv\u00e1ltva egy id\u0151ben (nem csoportos<br \/>\naz oktat\u00e1s)<\/li>\n<li>gyakorlati vizsga el\u0151tti teljes napon a vizsgafeladatok \u00e1tism\u00e9tl\u00e9se<\/li>\n<li>minden tanul\u00f3 azzal a haj\u00f3val vizsg\u00e1zik, amelyiken gyakorolt, az ismert kik\u00f6t\u0151i<br \/>\nk\u00f6rnyezetben, v\u00edzter\u00fcleten<\/li>\n<\/ul>\n<p><strong>Kisg\u00e9phaj\u00f3 (motorcs\u00f3nak) gyakorlati oktat\u00e1s.<\/strong><\/p>\n<ul>\n<li>4 \u00f3ra gyakorlati oktat\u00e1s<\/li>\n<li>1 f\u0151 haj\u00f3vezet\u0151 \u00e9s 2 f\u0151 szem\u00e9lyzet gyakorol felv\u00e1ltva egy id\u0151ben (nem csoportos az<br \/>\noktat\u00e1s)<\/li>\n<li>gyakorlati vizsga el\u0151tt k\u00f6zvetlen\u00fcl a vizsgafeladatok \u00e1tism\u00e9tl\u00e9se<\/li>\n<li>minden tanul\u00f3 azzal a haj\u00f3val vizsg\u00e1zik, amelyiken gyakorolt, az ismert kik\u00f6t\u0151i<br \/>\nk\u00f6rnyezetben, v\u00edzter\u00fcleten.<\/li>\n<\/ul>\n<p>[\/vc_column_text][\/vc_column][\/vc_row][vc_row][vc_column][vc_column_text css=&#8221;&#8221;]<\/p>\n<h4 style=\"text-align: center;\">\u00c1raink<\/h4>\n<p>[\/vc_column_text][\/vc_column][\/vc_row][vc_row][vc_column]<div class=\"sc_price_block sc_price_block_style_1\"><div class=\"sc_price_block_money\"><\/div><\/div>[\/vc_column][\/vc_row][vc_row][vc_column][vc_pricing_table heading=&#8221;Vitorl\u00e1s \u00e9s kisg\u00e9phaj\u00f3 vezet\u0151&#8221; subheading=&#8221;kombin\u00e1lt tanfolyami d\u00edj (elm\u00e9let + gyakorlat) \u00f6sszesen:&#8221; currency=&#8221;&#8221; price=&#8221;180 000 Ft&#8221; period=&#8221;&#8221; markers_color=&#8221;#5188f1&#8243; btn_title=&#8221;Jelentkezem&#8221; css=&#8221;.vc_custom_1740056629466{background-color: #ececec !important;}&#8221; btn_link=&#8221;url:https%3A%2F%2Fmhsc.hu%2F%3Fpage_id%3D820|title:Jelentkez%C3%A9s%20%E2%80%93%20Vitorl%C3%A1s%20%C3%A9s%20kisg%C3%A9phaj%C3%B3%20(%20motorcs%C3%B3nak%20)%20vezet%C5%91i%20tanfolyamok&#8221;]Hat\u00f3s\u00e1gi d\u00edjak (vizsgad\u00edj + okm\u00e1nyki\u00e1ll\u00edt\u00e1si d\u00edj): <strong>105 400.-Ft<\/strong><\/p>\n<p><strong>V\u00e1laszthat\u00f3, Tengeri IV. oszt\u00e1ly\u00fa kishaj\u00f3vezet\u0151i k\u00e9pz\u00e9ssel.<\/strong><br \/>\nTengeri kieg\u00e9sz\u00edt\u0151 tanfolyam d\u00edj: <strong>+ 50.000.-Ft<\/strong><br \/>\nTengeri hat\u00f3s\u00e1gi d\u00edj: <strong>+ 10.900.-Ft<br \/>\n<\/strong>Tengeri okm\u00e1nyki\u00e1ll\u00edt\u00e1si d\u00edj: <strong>+ 16.100.-Ft<br \/>\n<\/strong><\/p>\n<p><em>Sz\u00e1molni kell m\u00e9g az orvosi alkalmass\u00e1gi vizsg\u00e1lat p\u00e1r ezer forintos k\u00f6lts\u00e9g\u00e9vel.<\/em>[\/vc_pricing_table][\/vc_column][\/vc_row][vc_row][vc_column][vc_pricing_table heading=&#8221;Vitorl\u00e1s kishaj\u00f3 vezet\u0151&#8221; subheading=&#8221;tanfolyami d\u00edj (elm\u00e9let + gyakorlat)&#8221; currency=&#8221;&#8221; price=&#8221;150 000 Ft&#8221; period=&#8221;&#8221; markers_color=&#8221;#5188f1&#8243; btn_title=&#8221;Jelentkezem&#8221; css=&#8221;.vc_custom_1740056684581{background-color: #ececec !important;}&#8221; btn_link=&#8221;url:https%3A%2F%2Fmhsc.hu%2F%3Fpage_id%3D820|title:Jelentkez%C3%A9s%20%E2%80%93%20Vitorl%C3%A1s%20%C3%A9s%20kisg%C3%A9phaj%C3%B3%20(%20motorcs%C3%B3nak%20)%20vezet%C5%91i%20tanfolyamok&#8221;]Hat\u00f3s\u00e1gi d\u00edjak (vizsgad\u00edj + okm\u00e1ny ki\u00e1ll\u00edt\u00e1si d\u00edj) <strong>66.200.- Ft<\/strong><\/p>\n<p><strong>V\u00e1laszthat\u00f3, Tengeri IV. oszt\u00e1ly\u00fa kishaj\u00f3vezet\u0151i kieg\u00e9sz\u00edt\u0151 k\u00e9pz\u00e9ssel.<\/strong><br \/>\nTengeri kieg\u00e9sz\u00edt\u0151 tanfolyam d\u00edj: <strong>+ 50\u00a0000.- Ft<\/strong><br \/>\nTengeri hat\u00f3s\u00e1gi d\u00edj: <strong>+ 10 900.- Ft<br \/>\n<\/strong>Tengeri okm\u00e1nyki\u00e1ll\u00edt\u00e1si d\u00edj:<strong>+ 16.100.-Ft<br \/>\n<\/strong><\/p>\n<p><em>Sz\u00e1molni kell m\u00e9g az orvosi alkalmass\u00e1gi vizsg\u00e1lat p\u00e1r ezer forintos k\u00f6lts\u00e9g\u00e9vel.<\/em><\/p>\n<p><strong>Kieg\u00e9sz\u00edt\u0151 vitorl\u00e1s tanfolyam, azoknak, akik m\u00e1r rendelkeznek kisg\u00e9phaj\u00f3 vezet\u0151i <\/strong><strong>jogos\u00edtv\u00e1nnyal.<\/strong><br \/>\nTanfolyam d\u00edj: <strong>130.000.-Ft<\/strong><br \/>\nHat\u00f3s\u00e1gi d\u00edj: <strong>60.800.-Ft<\/strong>[\/vc_pricing_table][\/vc_column][\/vc_row][vc_row][vc_column][vc_pricing_table heading=&#8221;Kisg\u00e9phaj\u00f3 vezet\u0151&#8221; subheading=&#8221;tanfolyam d\u00edj (elm\u00e9let + gyakorlat) \u00f6sszesen:&#8221; currency=&#8221;&#8221; price=&#8221;120.000 Ft&#8221; period=&#8221;&#8221; markers_color=&#8221;#5188f1&#8243; btn_title=&#8221;Jelentkezem&#8221; css=&#8221;.vc_custom_1740056779966{background-color: #ececec !important;}&#8221; btn_link=&#8221;url:https%3A%2F%2Fmhsc.hu%2F%3Fpage_id%3D820|title:Jelentkez%C3%A9s%20%E2%80%93%20Vitorl%C3%A1s%20%C3%A9s%20kisg%C3%A9phaj%C3%B3%20(%20motorcs%C3%B3nak%20)%20vezet%C5%91i%20tanfolyamok&#8221;]Hat\u00f3s\u00e1gi d\u00edjak (vizsgad\u00edj + okm\u00e1nyki\u00e1ll\u00edt\u00e1si d\u00edj) <strong>66.200.-Ft<\/strong><\/p>\n<p><strong>V\u00e1laszthat\u00f3, Tengeri IV. oszt\u00e1ly\u00fa kishaj\u00f3vezet\u0151i kieg\u00e9sz\u00edt\u0151 k\u00e9pz\u00e9ssel.<\/strong><br \/>\nTengeri kieg\u00e9sz\u00edt\u0151 tanfolyam d\u00edj: <strong>+ 50.000.-Ft<\/strong><br \/>\nTengeri hat\u00f3s\u00e1gi d\u00edj: <strong>+ 10.900.-Ft<br \/>\n<\/strong>Tengeri okm\u00e1nyki\u00e1ll\u00edt\u00e1si d\u00edj:<strong>+ 16.100.-Ft<br \/>\n<\/strong><\/p>\n<p><em>Sz\u00e1molni kell m\u00e9g az orvosi alkalmass\u00e1gi vizsg\u00e1lat p\u00e1r ezer forintos k\u00f6lts\u00e9g\u00e9vel.<\/em><\/p>\n<p><strong>Kieg\u00e9sz\u00edt\u0151 kisg\u00e9phaj\u00f3 tanfolyam azoknak, akik m\u00e1r rendelkeznek vitorl\u00e1s kishaj\u00f3 vezet\u0151i <\/strong><strong>jogos\u00edtv\u00e1nnyal.<\/strong><br \/>\nTanfolyam d\u00edj: <strong>100.000.-Ft<\/strong><br \/>\nHat\u00f3s\u00e1gi d\u00edj: <strong>66.200.-Ft<\/strong>[\/vc_pricing_table][\/vc_column][\/vc_row][vc_row][vc_column][vc_column_text css=&#8221;&#8221;]<\/p>\n<h4>Magyar Tengeri IV. oszt\u00e1ly\u00fa k\u00e9pz\u00e9s.<\/h4>\n<p>Azon sportt\u00e1rsak vehetik ig\u00e9nybe, akiknek m\u00e1r van belv\u00edzi kishaj\u00f3 vezet\u0151i enged\u00e9ly\u00fck.<\/p>\n<p>Kedvtel\u00e9si c\u00e9l\u00fa IV. oszt\u00e1ly\u00fa tengeri kishaj\u00f3-vezet\u0151i jogos\u00edtv\u00e1nnyal (k\u00e9pes\u00edt\u00e9ssel) az al\u00e1bbi param\u00e9ter\u0171 haj\u00f3t, az al\u00e1bbi v\u00edzter\u00fcleteken lehet vezetni, m\u00e9gpedig azt, amelyre m\u00e1r van belv\u00edzi kedvtel\u00e9si c\u00e9l\u00fa kishaj\u00f3-vezet\u0151i k\u00e9pes\u00edt\u00e9s (vagy motoros vagy vitorl\u00e1s vagy mindkett\u0151):<\/p>\n<ul>\n<li>A haj\u00f3 testhossz\u00fas\u00e1ga nem t\u00f6bb 24 m\u00e9ter, befogad\u00f3k\u00e9pess\u00e9ge max. 12 f\u0151 (haj\u00f3vezet\u0151vel egy\u00fctt),<\/li>\n<li>a meghajt\u00f3motor teljes\u00edtm\u00e9nye \u00e9s a vitorla fel\u00fclete b\u00e1rmekkora lehet.<\/li>\n<li>A partt\u00f3l sz\u00e1m\u00edtott 3 tmf \u2013 5,6 km t\u00e1vols\u00e1gra \u00e9rv\u00e9nyes, term\u00e9szetesen a helyi<br \/>\nszab\u00e1lyoz\u00e1sok figyelembev\u00e9tel\u00e9vel.<\/li>\n<li>T\u00e1voktat\u00e1sos tanfolyamunk keret\u00e9ben (elm\u00e9leti oktat\u00e1sokon t\u00f6rt\u00e9n\u0151 megjelen\u00e9s n\u00e9lk\u00fcl) az elm\u00e9leti tesztvizsg\u00e1ra tud felk\u00e9sz\u00fclni a tanul\u00f3. Gyakorlati oktat\u00e1s nincs, hiszen a jelentkez\u0151k rendelkeznek belv\u00edzi kedvtel\u00e9si c\u00e9l\u00fa kishaj\u00f3-vezet\u0151i k\u00e9pes\u00edt\u00e9ssel. Sport Clubunk, elektronikus \u00faton k\u00fcldi meg az elm\u00e9leti felk\u00e9sz\u00fcl\u00e9shez sz\u00fcks\u00e9ges anyagokat. Lelkiismeretes felk\u00e9sz\u00fcl\u00e9ssel ebben az oktat\u00e1si form\u00e1ban is 100%-os vizsgaeredm\u00e9ny \u00e9rhet\u0151 el.<\/li>\n<\/ul>\n<p>[\/vc_column_text][\/vc_column][\/vc_row][vc_row][vc_column][vc_pricing_table heading=&#8221;Magyar Tengeri IV. oszt\u00e1ly\u00fa k\u00e9pz\u00e9s&#8221; subheading=&#8221;Vizsg\u00e1ra t\u00f6rt\u00e9n\u0151 felk\u00e9sz\u00edt\u00e9s, t\u00e1voktat\u00e1s biztos\u00edt\u00e1sa, konzult\u00e1ci\u00f3&#8221; currency=&#8221;&#8221; price=&#8221;90 000 Ft&#8221; period=&#8221;&#8221; markers_color=&#8221;#5188f1&#8243; btn_title=&#8221;Jelentkezem&#8221; css=&#8221;.vc_custom_1740056840042{background-color: #ececec !important;}&#8221; btn_link=&#8221;url:https%3A%2F%2Fmhsc.hu%2F%3Fpage_id%3D820|title:Jelentkez%C3%A9s%20%E2%80%93%20Vitorl%C3%A1s%20%C3%A9s%20kisg%C3%A9phaj%C3%B3%20(%20motorcs%C3%B3nak%20)%20vezet%C5%91i%20tanfolyamok&#8221;]Hat\u00f3s\u00e1gi d\u00edjak: (vizsgad\u00edj + okm\u00e1nyki\u00e1ll\u00edt\u00e1si d\u00edj): <strong>27.000.-Ft<\/strong>[\/vc_pricing_table][\/vc_column][\/vc_row]<\/p>\n<\/div>","protected":false},"excerpt":{"rendered":"<p>[vc_row][vc_column][vc_column_text css=&#8221;&#8221;] Vitorl\u00e1s \u00e9s kisg\u00e9phaj\u00f3 ( motorcs\u00f3nak ) vezet\u0151i tanfolyamok. [\/vc_column_text][vc_single_image image=&#8221;792&#8243; img_size=&#8221;medium&#8221; onclick=&#8221;img_link_large&#8221; css=&#8221;.vc_custom_1718799050961{padding-left: 110px !important;}&#8221;][vc_column_text css=&#8221;&#8221;]Patakfalvi G\u00e1bor A oszt\u00e1ly\u00fa haj\u00f3skapit\u00e1ny, hat\u00f3s\u00e1gi haj\u00f3z\u00e1si vizsgabiztos, vezet\u0151oktat\u00f3.[\/vc_column_text][vc_column_text css=&#8221;&#8221;] Kedves leend\u0151 Sportt\u00e1rsaink, vitorl\u00e1z\u00f3k, haj\u00f3vezet\u0151k. T\u00e1j\u00e9koztatunk benneteket, hogy egyes\u00fclet\u00fcnk, vitorl\u00e1s kishaj\u00f3 vezet\u0151i jogos\u00edtv\u00e1ny, illetve kisg\u00e9phaj\u00f3 vezet\u0151i jogos\u00edtv\u00e1ny megszerz\u00e9s\u00e9hez, komplett felk\u00e9sz\u00edt\u0151 tanfolyamokat ind\u00edt. A tanfolyamok tartalmazz\u00e1k az elm\u00e9leti vizsga [&hellip;]<\/p>\n","protected":false},"author":1,"featured_media":0,"parent":0,"menu_order":0,"comment_status":"closed","ping_status":"closed","template":"","meta":{"footnotes":""},"class_list":["post-738","page","type-page","status-publish","hentry"],"_links":{"self":[{"href":"https:\/\/mhsc.hu\/index.php?rest_route=\/wp\/v2\/pages\/738","targetHints":{"allow":["GET"]}}],"collection":[{"href":"https:\/\/mhsc.hu\/index.php?rest_route=\/wp\/v2\/pages"}],"about":[{"href":"https:\/\/mhsc.hu\/index.php?rest_route=\/wp\/v2\/types\/page"}],"author":[{"embeddable":true,"href":"https:\/\/mhsc.hu\/index.php?rest_route=\/wp\/v2\/users\/1"}],"replies":[{"embeddable":true,"href":"https:\/\/mhsc.hu\/index.php?rest_route=%2Fwp%2Fv2%2Fcomments&post=738"}],"version-history":[{"count":37,"href":"https:\/\/mhsc.hu\/index.php?rest_route=\/wp\/v2\/pages\/738\/revisions"}],"predecessor-version":[{"id":886,"href":"https:\/\/mhsc.hu\/index.php?rest_route=\/wp\/v2\/pages\/738\/revisions\/886"}],"wp:attachment":[{"href":"https:\/\/mhsc.hu\/index.php?rest_route=%2Fwp%2Fv2%2Fmedia&parent=738"}],"curies":[{"name":"wp","href":"https:\/\/api.w.org\/{rel}","templated":true}]}}