{"id":733,"date":"2024-06-06T11:00:00","date_gmt":"2024-06-06T09:00:00","guid":{"rendered":"https:\/\/mhsc.hu\/?page_id=733"},"modified":"2024-06-13T08:47:27","modified_gmt":"2024-06-13T06:47:27","slug":"bajnokaink-versenyzoink-dijaink","status":"publish","type":"page","link":"https:\/\/mhsc.hu\/?page_id=733","title":{"rendered":""},"content":{"rendered":"<div class=\"wpb-content-wrapper\"><p>[vc_row][vc_column][vc_column_text]<\/p>\n<h4>Bajnokaink, versenyz\u0151ink, d\u00edjaink.<\/h4>\n<p>Felt\u00f6lt\u00e9s alatt<\/p>\n<p>[\/vc_column_text][\/vc_column][\/vc_row][vc_row][vc_column][vc_separator][vc_column_text css=&#8221;&#8221;]<\/p>\n<h4>Bajnokaink, versenyz\u0151ink, d\u00edjaink.<\/h4>\n<p>Felt\u00f6lt\u00e9s alatt<\/p>\n<p>[\/vc_column_text][\/vc_column][\/vc_row]<\/p>\n<\/div>","protected":false},"excerpt":{"rendered":"<p>[vc_row][vc_column][vc_column_text] Bajnokaink, versenyz\u0151ink, d\u00edjaink. Felt\u00f6lt\u00e9s alatt [\/vc_column_text][\/vc_column][\/vc_row][vc_row][vc_column][vc_separator][vc_column_text css=&#8221;&#8221;] Bajnokaink, versenyz\u0151ink, d\u00edjaink. Felt\u00f6lt\u00e9s alatt [\/vc_column_text][\/vc_column][\/vc_row]<\/p>\n","protected":false},"author":1,"featured_media":0,"parent":0,"menu_order":0,"comment_status":"closed","ping_status":"closed","template":"","meta":{"footnotes":""},"class_list":["post-733","page","type-page","status-publish","hentry"],"_links":{"self":[{"href":"https:\/\/mhsc.hu\/index.php?rest_route=\/wp\/v2\/pages\/733","targetHints":{"allow":["GET"]}}],"collection":[{"href":"https:\/\/mhsc.hu\/index.php?rest_route=\/wp\/v2\/pages"}],"about":[{"href":"https:\/\/mhsc.hu\/index.php?rest_route=\/wp\/v2\/types\/page"}],"author":[{"embeddable":true,"href":"https:\/\/mhsc.hu\/index.php?rest_route=\/wp\/v2\/users\/1"}],"replies":[{"embeddable":true,"href":"https:\/\/mhsc.hu\/index.php?rest_route=%2Fwp%2Fv2%2Fcomments&post=733"}],"version-history":[{"count":6,"href":"https:\/\/mhsc.hu\/index.php?rest_route=\/wp\/v2\/pages\/733\/revisions"}],"predecessor-version":[{"id":850,"href":"https:\/\/mhsc.hu\/index.php?rest_route=\/wp\/v2\/pages\/733\/revisions\/850"}],"wp:attachment":[{"href":"https:\/\/mhsc.hu\/index.php?rest_route=%2Fwp%2Fv2%2Fmedia&parent=733"}],"curies":[{"name":"wp","href":"https:\/\/api.w.org\/{rel}","templated":true}]}}