{"id":725,"date":"2024-06-06T10:50:45","date_gmt":"2024-06-06T08:50:45","guid":{"rendered":"https:\/\/mhsc.hu\/?page_id=725"},"modified":"2024-06-13T08:31:22","modified_gmt":"2024-06-13T06:31:22","slug":"bemutatkozas-egyesuletunk-tortenete","status":"publish","type":"page","link":"https:\/\/mhsc.hu\/?page_id=725","title":{"rendered":"Bemutatkoz\u00e1s, egyes\u00fclet\u00fcnk t\u00f6rt\u00e9nete."},"content":{"rendered":"<div class=\"wpb-content-wrapper\"><p>[vc_row][vc_column][vc_single_image image=&#8221;830&#8243; img_size=&#8221;large&#8221; css=&#8221;&#8221;][vc_column_text css=&#8221;&#8221;]<\/p>\n<h4><\/h4>\n<h4><strong>Tisztelt l\u00e1togat\u00f3, vitorl\u00e1z\u00f3k, haj\u00f3sok, Kedves leend\u0151 sportt\u00e1rsak!<\/strong><\/h4>\n<p>Engedj\u00e9tek meg, hogy di\u00f3h\u00e9jban bemutassam, a Magyar Haj\u00f3z\u00e1si Sport Club Egyes\u00fclet\u00fcnket.<\/p>\n<p>Egyes\u00fclet\u00fcnket 70 \u00e9ve alap\u00edtott\u00e1k lelkes emberek avval a sz\u00e1nd\u00e9kkal, hogy sportol\u00e1si lehet\u0151s\u00e9get biztos\u00edtsanak a valamikori MAHART haj\u00f3z\u00e1si v\u00e1llalat dolgoz\u00f3inak. A Club t\u00f6rt\u00e9net\u00e9ben a c\u00e9g alaptev\u00e9kenys\u00e9g\u00e9b\u0151l ad\u00f3d\u00f3an mindig is a vitorl\u00e1s sport k\u00e9pezte a min\u0151s\u00e9gi sportot. A m\u00falt sz\u00e1zad hetvenes \u2013 nyolcvanas \u00e9veiben nem egyszer b\u00fcszk\u00e9n viselt\u00fck a legeredm\u00e9nyesebb magyar\u00a0 vitorl\u00e1segyes\u00fclet c\u00edmet. Sz\u00e1mos bajnoki c\u00edm \u00e9s helyez\u00e9s \u00e9s a sokszoros v\u00e1logatott versenyz\u0151ink, olimpikonjaink f\u00e9mjelzik eredm\u00e9nyeinket.<\/p>\n<p>De p\u00e9ld\u00e1ul a vil\u00e1g egyik legsikeresebb magyar f\u00f6ldker\u00fcl\u0151 vitorl\u00e1z\u00f3j\u00e1t, ifj. Kop\u00e1r Istv\u00e1nt \u00e9s a t\u00f6bbsz\u00f6r\u00f6s magyar bajnokot, a 470 oszt\u00e1lyban szenior vil\u00e1gbajnok Kov\u00e1cs J\u00e1nost jelenleg is tagjaink k\u00f6z\u00f6tt tudhatjuk.<\/p>\n<p>S\u0151t, az eml\u00edtett sportt\u00e1rsaink, a vitorl\u00e1z\u00e1soktat\u00f3i csapatunkat is er\u0151s\u00edtik napjainkban. Az ut\u00e1np\u00f3tl\u00e1s nevel\u00e9s, a haj\u00f3z\u00e1s szeretet\u00e9re, tisztelet\u00e9re val\u00f3 nevel\u00e9s, a vitorl\u00e1s sport n\u00e9pszer\u0171s\u00edt\u00e9se, kezdetekt\u0151l fogva a Club alaptev\u00e9kenys\u00e9gei k\u00f6z\u00e9 tartoztak.<\/p>\n<p>Miut\u00e1n a 90-es \u00e9vekben a magyar tengeri haj\u00f3z\u00e1s megsz\u0171nt, a valamikori nagy v\u00e1llalat sajnos, elemeire esett sz\u00e9t. Az elvek eladhat\u00f3 gyakorlatba \u00f6nt\u00e9se, fiatalok, \u00e9rdekl\u0151d\u0151k oktat\u00e1sa a klub fenntart\u00e1s\u00e1nak fontos eleme lett. Sajnos 3 \u00e9vvel ezel\u0151tt a Balatoni Haj\u00f3z\u00e1si V\u00e1llalatra nehezed\u0151 gazdas\u00e1gi k\u00e9nyszer nyom\u00e1n teljesen megsz\u0171nt a v\u00e1llalati t\u00e1mogat\u00e1s, \u00e9s a tov\u00e1bbiakban kiz\u00e1r\u00f3lag saj\u00e1t er\u0151b\u0151l kellett<br \/>\nbiztos\u00edtani fennmarad\u00e1sunkat.<\/p>\n<p>E k\u00f6zben a klub \u00e9let\u00e9ben gener\u00e1ci\u00f3k v\u00e1ltott\u00e1k egym\u00e1st \u00e9s sz\u00e1mos haj\u00f3z\u00e1shoz, v\u00edzhez k\u00f6t\u0151d\u0151 klubt\u00e1rsunk a Balaton mellet vagy helyett, a R\u00e1ckevei Duna partj\u00e1n tal\u00e1lta meg a sz\u00e1m\u00e1ra kedves lak\u00f3helyet, R\u00e1ckev\u00e9t.<\/p>\n<p>Innen eredt a gondolat, hogy ha megtal\u00e1ln\u00e1nk azt a k\u00f6rnyezetet, k\u00f6z\u00f6ss\u00e9get, akik ig\u00e9nylik a ter\u00fclet\u00fck\u00f6n a vitorl\u00e1s sport megjelen\u00e9s\u00e9t, n\u00e9pszer\u0171s\u00edt\u00e9s\u00e9t, akkor \u00faj lend\u00fcletet kaphatna sport egyes\u00fclet\u00fcnk. \u00c9s \u00fajra m\u00e9lt\u00f3k lehet\u00fcnk, r\u00e9gi nagy h\u00edr\u00fcnkh\u00f6z.<\/p>\n<p>A Gondolatot tett k\u00f6vette, \u00e9s a seg\u00edts\u00e9g sem maradt el. R\u00e1ckeve v\u00e1ros \u00f6nkorm\u00e1nyzata teret, lehet\u0151s\u00e9get adott sz\u00e1munkra, hogy haj\u00f3inkat, felszerel\u00e9seinket, biztons\u00e1gosan tudjuk kik\u00f6tni, t\u00e1rolni. \u00cdgy elindulhattak a gyermekt\u00e1borok, \u00e9s kezdet\u00e9t veheti a feln\u0151ttk\u00e9pz\u00e9s, a haj\u00f3s vizsg\u00e1kra val\u00f3 felk\u00e9sz\u00edt\u00e9s. A R\u00e1ckeve v\u00edzter\u00fclete kiv\u00e1l\u00f3 lehet\u0151s\u00e9g ezen haj\u00f3z\u00e1si<br \/>\ntev\u00e9kenys\u00e9gekre, \u00fagy v\u00edzfelsz\u00edn, v\u00edzm\u00e9lys\u00e9g, illetve a biztons\u00e1gos k\u00f6zleked\u00e9s tekintet\u00e9ben.[\/vc_column_text][\/vc_column][\/vc_row][vc_row][vc_column][vc_single_image image=&#8221;728&#8243; img_size=&#8221;full&#8221; css=&#8221;&#8221; title=&#8221;A Balatonalm\u00e1di Clubh\u00e1z&#8221;][\/vc_column][\/vc_row][vc_row][vc_column][vc_single_image image=&#8221;730&#8243; img_size=&#8221;full&#8221; css=&#8221;&#8221; title=&#8221;A MAHART SC Clubh\u00e1za Si\u00f3fok&#8221;][\/vc_column][\/vc_row][vc_row][vc_column][vc_single_image image=&#8221;729&#8243; img_size=&#8221;Full&#8221; css=&#8221;&#8221; title=&#8221;Kal\u00f3zaink, a Si\u00f3foki kik\u00f6t\u0151ben&#8221;][\/vc_column][\/vc_row]<\/p>\n<\/div>","protected":false},"excerpt":{"rendered":"<p>[vc_row][vc_column][vc_single_image image=&#8221;830&#8243; img_size=&#8221;large&#8221; css=&#8221;&#8221;][vc_column_text css=&#8221;&#8221;] Tisztelt l\u00e1togat\u00f3, vitorl\u00e1z\u00f3k, haj\u00f3sok, Kedves leend\u0151 sportt\u00e1rsak! Engedj\u00e9tek meg, hogy di\u00f3h\u00e9jban bemutassam, a Magyar Haj\u00f3z\u00e1si Sport Club Egyes\u00fclet\u00fcnket. Egyes\u00fclet\u00fcnket 70 \u00e9ve alap\u00edtott\u00e1k lelkes emberek avval a sz\u00e1nd\u00e9kkal, hogy sportol\u00e1si lehet\u0151s\u00e9get biztos\u00edtsanak a valamikori MAHART haj\u00f3z\u00e1si v\u00e1llalat dolgoz\u00f3inak. A Club t\u00f6rt\u00e9net\u00e9ben a c\u00e9g alaptev\u00e9kenys\u00e9g\u00e9b\u0151l ad\u00f3d\u00f3an mindig is a vitorl\u00e1s sport k\u00e9pezte [&hellip;]<\/p>\n","protected":false},"author":1,"featured_media":0,"parent":0,"menu_order":0,"comment_status":"closed","ping_status":"closed","template":"","meta":{"footnotes":""},"class_list":["post-725","page","type-page","status-publish","hentry"],"_links":{"self":[{"href":"https:\/\/mhsc.hu\/index.php?rest_route=\/wp\/v2\/pages\/725","targetHints":{"allow":["GET"]}}],"collection":[{"href":"https:\/\/mhsc.hu\/index.php?rest_route=\/wp\/v2\/pages"}],"about":[{"href":"https:\/\/mhsc.hu\/index.php?rest_route=\/wp\/v2\/types\/page"}],"author":[{"embeddable":true,"href":"https:\/\/mhsc.hu\/index.php?rest_route=\/wp\/v2\/users\/1"}],"replies":[{"embeddable":true,"href":"https:\/\/mhsc.hu\/index.php?rest_route=%2Fwp%2Fv2%2Fcomments&post=725"}],"version-history":[{"count":11,"href":"https:\/\/mhsc.hu\/index.php?rest_route=\/wp\/v2\/pages\/725\/revisions"}],"predecessor-version":[{"id":846,"href":"https:\/\/mhsc.hu\/index.php?rest_route=\/wp\/v2\/pages\/725\/revisions\/846"}],"wp:attachment":[{"href":"https:\/\/mhsc.hu\/index.php?rest_route=%2Fwp%2Fv2%2Fmedia&parent=725"}],"curies":[{"name":"wp","href":"https:\/\/api.w.org\/{rel}","templated":true}]}}